{"id":27,"date":"2024-01-06T11:04:47","date_gmt":"2024-01-06T10:04:47","guid":{"rendered":"https:\/\/clubstgeorges.fr\/?page_id=27"},"modified":"2026-01-26T10:08:53","modified_gmt":"2026-01-26T09:08:53","slug":"a-propos-about","status":"publish","type":"page","link":"https:\/\/clubstgeorges.fr\/index.php\/a-propos-about\/","title":{"rendered":"A propos\/About"},"content":{"rendered":"\n<h1 class=\"wp-block-heading\">De la pierre de taille \u00e0 la brique rouge<\/h1>\n\n\n\n<p>Apr\u00e8s 10 ann\u00e9es d&rsquo;existence dans le quartier m\u00e9di\u00e9val St Georges du vieux Lyon, le Jazz Club d\u00e9m\u00e9nage \u00e0 Vienne, ville renomm\u00e9e pour ses monuments de la Rome antique et pour son festival de jazz. Un renouveau&#8230; dans la continuit\u00e9 !<br><br>Au plaisir de vous retrouver  avec les m\u00eames \u00e9quipes dans un lieu o\u00f9 vous sentirez comme \u00e0 la maison. Le Club Saint Georges, \u00e0 Lyon comme \u00e0 Vienne, restera toujours votre club !<\/p>\n\n\n\n<p class=\"has-theme-palette-3-color has-text-color has-link-color wp-elements-fd776cdcac3c681449a541a64f29b3a9\">After 10 years of concerts live in the medival St Georges district of Lyon, the Jazz Club is moving to Vienne, famous for its roman districts and its jazz festival, for a revival&#8230; in continuity!<br><br>Looking forward to meeting you soon with the same team and in a place where you should feel home. <br>The \u00ab\u00a0Club Saint Georges\u00a0\u00bb, in Lyon or in Vienne, will always remain your club.<\/p>\n\n\n\n<p><\/p>\n","protected":false},"excerpt":{"rendered":"<p>De la pierre de taille \u00e0 la brique rouge Apr\u00e8s 10 ann\u00e9es d&rsquo;existence dans le quartier m\u00e9di\u00e9val St Georges du vieux Lyon, le Jazz Club d\u00e9m\u00e9nage \u00e0 Vienne, ville renomm\u00e9e&#8230;<\/p>\n","protected":false},"author":1,"featured_media":0,"parent":0,"menu_order":0,"comment_status":"closed","ping_status":"closed","template":"","meta":{"_kad_post_transparent":"","_kad_post_title":"","_kad_post_layout":"","_kad_post_sidebar_id":"","_kad_post_content_style":"","_kad_post_vertical_padding":"","_kad_post_feature":"","_kad_post_feature_position":"","_kad_post_header":false,"_kad_post_footer":false,"footnotes":""},"class_list":["post-27","page","type-page","status-publish","hentry"],"_links":{"self":[{"href":"https:\/\/clubstgeorges.fr\/index.php\/wp-json\/wp\/v2\/pages\/27","targetHints":{"allow":["GET"]}}],"collection":[{"href":"https:\/\/clubstgeorges.fr\/index.php\/wp-json\/wp\/v2\/pages"}],"about":[{"href":"https:\/\/clubstgeorges.fr\/index.php\/wp-json\/wp\/v2\/types\/page"}],"author":[{"embeddable":true,"href":"https:\/\/clubstgeorges.fr\/index.php\/wp-json\/wp\/v2\/users\/1"}],"replies":[{"embeddable":true,"href":"https:\/\/clubstgeorges.fr\/index.php\/wp-json\/wp\/v2\/comments?post=27"}],"version-history":[{"count":5,"href":"https:\/\/clubstgeorges.fr\/index.php\/wp-json\/wp\/v2\/pages\/27\/revisions"}],"predecessor-version":[{"id":5645,"href":"https:\/\/clubstgeorges.fr\/index.php\/wp-json\/wp\/v2\/pages\/27\/revisions\/5645"}],"wp:attachment":[{"href":"https:\/\/clubstgeorges.fr\/index.php\/wp-json\/wp\/v2\/media?parent=27"}],"curies":[{"name":"wp","href":"https:\/\/api.w.org\/{rel}","templated":true}]}}