{"id":24,"date":"2024-01-06T11:04:47","date_gmt":"2024-01-06T10:04:47","guid":{"rendered":"https:\/\/clubstgeorges.fr\/?page_id=24"},"modified":"2024-12-26T18:15:14","modified_gmt":"2024-12-26T17:15:14","slug":"contact","status":"publish","type":"page","link":"https:\/\/clubstgeorges.fr\/index.php\/contact\/","title":{"rendered":"Contact \/ Accessibilit\u00e9"},"content":{"rendered":"\n<p class=\"has-medium-font-size\"><strong>Contact<\/strong> pour<strong> Info \/ Public \/ adh\u00e9rents :<\/strong> <a href=\"mailto:contact@clubstgeorges.fr\">contact@clubstgeorges.fr<\/a> &#8211; Pour les r\u00e9servations, merci de privil\u00e9gier le SMS \/ t\u00e9l\u00e9phone ou mieux&#8230; <strong>le lien HelloAsso de chaque concert<\/strong><br><br><strong>Contact presse :<\/strong> <a href=\"mailto:presse@clubstgeorges.fr\">presse@clubstgeorges.fr<\/a><\/p>\n\n\n\n<p class=\"has-medium-font-size\"><strong>Contact artistes :<\/strong> <a href=\"mailto:artistes@clubstgeorges.fr\">artistes@clubstgeorges.fr<\/a> *<br>* Merci de pr\u00e9ciser dans le mail vos coordonn\u00e9es et ajouter <strong>un lien vers une captation vid\u00e9o<\/strong> de votre groupe en situation \u00ab\u00a0live\u00a0\u00bb.<\/p>\n\n\n\n<p class=\"has-medium-font-size\"><strong>Club St Georges &#8211; 1 rue Romanet &#8211; 38200 VIENNE &#8211; 06 83 81 55 21<\/strong><\/p>\n\n\n\n<p class=\"has-theme-palette-3-color has-text-color has-link-color has-large-font-size wp-elements-03e70ff2d16b226964b8cd7812bfa3a4\"><strong>ACCES<\/strong><\/p>\n\n\n\n<div class=\"wp-block-columns is-layout-flex wp-container-core-columns-is-layout-9d6595d7 wp-block-columns-is-layout-flex\">\n<div class=\"wp-block-column is-layout-flow wp-block-column-is-layout-flow\" style=\"flex-basis:75%\">\n<p class=\"has-medium-font-size\">Rien de plus simple : Le Club St Georges est au sous-sol de la grande poste de Vienne. Il vous faut entrer \u00e0 l&rsquo;arri\u00e8re de la poste au 1 rue Romanet &#8211; petit portillon &#8211; et porte m\u00e9tallique, puis <strong>suivez les indications \u00ab\u00a0Club St Georges\u00a0\u00bb<\/strong>.<\/p>\n\n\n\n<p class=\"has-theme-palette-3-color has-text-color has-link-color has-large-font-size wp-elements-5a541936cba4e6aa8ab9b7903e96c733\"><strong>ACCESSIBILITE<\/strong><\/p>\n\n\n\n<p class=\"has-medium-font-size\">Le club prend soin de ses ain\u00e9s et des personnes en situation de handicap.<br>N&rsquo;h\u00e9sitez pas \u00e0 sonner c\u00f4t\u00e9 rue pour vous faire aider.<br>Nous disposons d&rsquo;un ascenseur PMR qui vous descendra directement dans le caveau Jazz sans passer par les escaliers.<\/p>\n\n\n\n<figure class=\"wp-block-image size-large\"><img loading=\"lazy\" decoding=\"async\" width=\"1024\" height=\"919\" src=\"https:\/\/clubstgeorges.fr\/wp-content\/uploads\/2024\/12\/SonnezPourAide-1024x919.jpg\" alt=\"\" class=\"wp-image-5125\" srcset=\"https:\/\/clubstgeorges.fr\/wp-content\/uploads\/2024\/12\/SonnezPourAide-1024x919.jpg 1024w, https:\/\/clubstgeorges.fr\/wp-content\/uploads\/2024\/12\/SonnezPourAide-300x269.jpg 300w, https:\/\/clubstgeorges.fr\/wp-content\/uploads\/2024\/12\/SonnezPourAide-768x689.jpg 768w, https:\/\/clubstgeorges.fr\/wp-content\/uploads\/2024\/12\/SonnezPourAide-1536x1379.jpg 1536w, https:\/\/clubstgeorges.fr\/wp-content\/uploads\/2024\/12\/SonnezPourAide-2048x1838.jpg 2048w\" sizes=\"auto, (max-width: 1024px) 100vw, 1024px\" \/><\/figure>\n\n\n\n<figure class=\"wp-block-image size-large\"><img loading=\"lazy\" decoding=\"async\" width=\"1024\" height=\"768\" src=\"https:\/\/clubstgeorges.fr\/wp-content\/uploads\/2024\/12\/PXL_20241122_140058384-1024x768.jpg\" alt=\"\" class=\"wp-image-5126\" srcset=\"https:\/\/clubstgeorges.fr\/wp-content\/uploads\/2024\/12\/PXL_20241122_140058384-1024x768.jpg 1024w, https:\/\/clubstgeorges.fr\/wp-content\/uploads\/2024\/12\/PXL_20241122_140058384-300x225.jpg 300w, https:\/\/clubstgeorges.fr\/wp-content\/uploads\/2024\/12\/PXL_20241122_140058384-768x576.jpg 768w, https:\/\/clubstgeorges.fr\/wp-content\/uploads\/2024\/12\/PXL_20241122_140058384-1536x1152.jpg 1536w, https:\/\/clubstgeorges.fr\/wp-content\/uploads\/2024\/12\/PXL_20241122_140058384-2048x1536.jpg 2048w\" sizes=\"auto, (max-width: 1024px) 100vw, 1024px\" \/><\/figure>\n<\/div>\n\n\n\n<div class=\"wp-block-column is-layout-flow wp-block-column-is-layout-flow\" style=\"flex-basis:80%\">\n<figure class=\"wp-block-image size-large is-resized has-custom-border is-style-rounded\"><img loading=\"lazy\" decoding=\"async\" width=\"1024\" height=\"768\" src=\"https:\/\/clubstgeorges.fr\/wp-content\/uploads\/2024\/12\/Entree1RueRomanet-1024x768.jpg\" alt=\"\" class=\"wp-image-5124\" style=\"border-radius:20px;width:494px;height:auto\" srcset=\"https:\/\/clubstgeorges.fr\/wp-content\/uploads\/2024\/12\/Entree1RueRomanet-1024x768.jpg 1024w, https:\/\/clubstgeorges.fr\/wp-content\/uploads\/2024\/12\/Entree1RueRomanet-300x225.jpg 300w, https:\/\/clubstgeorges.fr\/wp-content\/uploads\/2024\/12\/Entree1RueRomanet-768x576.jpg 768w, https:\/\/clubstgeorges.fr\/wp-content\/uploads\/2024\/12\/Entree1RueRomanet-1536x1152.jpg 1536w, https:\/\/clubstgeorges.fr\/wp-content\/uploads\/2024\/12\/Entree1RueRomanet-2048x1536.jpg 2048w\" sizes=\"auto, (max-width: 1024px) 100vw, 1024px\" \/><\/figure>\n\n\n\n<figure data-wp-context=\"{&quot;imageId&quot;:&quot;69ecc9b3e4bb1&quot;}\" data-wp-interactive=\"core\/image\" data-wp-key=\"69ecc9b3e4bb1\" class=\"wp-block-image size-full wp-lightbox-container\"><img loading=\"lazy\" decoding=\"async\" width=\"548\" height=\"706\" data-wp-class--hide=\"state.isContentHidden\" data-wp-class--show=\"state.isContentVisible\" data-wp-init=\"callbacks.setButtonStyles\" data-wp-on--click=\"actions.showLightbox\" data-wp-on--load=\"callbacks.setButtonStyles\" data-wp-on-window--resize=\"callbacks.setButtonStyles\" src=\"https:\/\/clubstgeorges.fr\/wp-content\/uploads\/2024\/01\/PlanAccesstGeorgesFondBlancEtZoom.png\" alt=\"\" class=\"wp-image-137\" srcset=\"https:\/\/clubstgeorges.fr\/wp-content\/uploads\/2024\/01\/PlanAccesstGeorgesFondBlancEtZoom.png 548w, https:\/\/clubstgeorges.fr\/wp-content\/uploads\/2024\/01\/PlanAccesstGeorgesFondBlancEtZoom-233x300.png 233w\" sizes=\"auto, (max-width: 548px) 100vw, 548px\" \/><button\n\t\t\tclass=\"lightbox-trigger\"\n\t\t\ttype=\"button\"\n\t\t\taria-haspopup=\"dialog\"\n\t\t\taria-label=\"Agrandir\"\n\t\t\tdata-wp-init=\"callbacks.initTriggerButton\"\n\t\t\tdata-wp-on--click=\"actions.showLightbox\"\n\t\t\tdata-wp-style--right=\"state.imageButtonRight\"\n\t\t\tdata-wp-style--top=\"state.imageButtonTop\"\n\t\t>\n\t\t\t<svg xmlns=\"http:\/\/www.w3.org\/2000\/svg\" width=\"12\" height=\"12\" fill=\"none\" viewBox=\"0 0 12 12\">\n\t\t\t\t<path fill=\"#fff\" d=\"M2 0a2 2 0 0 0-2 2v2h1.5V2a.5.5 0 0 1 .5-.5h2V0H2Zm2 10.5H2a.5.5 0 0 1-.5-.5V8H0v2a2 2 0 0 0 2 2h2v-1.5ZM8 12v-1.5h2a.5.5 0 0 0 .5-.5V8H12v2a2 2 0 0 1-2 2H8Zm2-12a2 2 0 0 1 2 2v2h-1.5V2a.5.5 0 0 0-.5-.5H8V0h2Z\" \/>\n\t\t\t<\/svg>\n\t\t<\/button><\/figure>\n<\/div>\n<\/div>\n\n\n\n<p><\/p>\n","protected":false},"excerpt":{"rendered":"<p>Contact pour Info \/ Public \/ adh\u00e9rents : contact@clubstgeorges.fr &#8211; Pour les r\u00e9servations, merci de privil\u00e9gier le SMS \/ t\u00e9l\u00e9phone ou mieux&#8230; le lien HelloAsso de chaque concert Contact presse&#8230;<\/p>\n","protected":false},"author":1,"featured_media":0,"parent":0,"menu_order":0,"comment_status":"closed","ping_status":"closed","template":"","meta":{"_kad_post_transparent":"","_kad_post_title":"","_kad_post_layout":"","_kad_post_sidebar_id":"","_kad_post_content_style":"","_kad_post_vertical_padding":"","_kad_post_feature":"","_kad_post_feature_position":"","_kad_post_header":false,"_kad_post_footer":false,"footnotes":""},"class_list":["post-24","page","type-page","status-publish","hentry"],"_links":{"self":[{"href":"https:\/\/clubstgeorges.fr\/index.php\/wp-json\/wp\/v2\/pages\/24","targetHints":{"allow":["GET"]}}],"collection":[{"href":"https:\/\/clubstgeorges.fr\/index.php\/wp-json\/wp\/v2\/pages"}],"about":[{"href":"https:\/\/clubstgeorges.fr\/index.php\/wp-json\/wp\/v2\/types\/page"}],"author":[{"embeddable":true,"href":"https:\/\/clubstgeorges.fr\/index.php\/wp-json\/wp\/v2\/users\/1"}],"replies":[{"embeddable":true,"href":"https:\/\/clubstgeorges.fr\/index.php\/wp-json\/wp\/v2\/comments?post=24"}],"version-history":[{"count":16,"href":"https:\/\/clubstgeorges.fr\/index.php\/wp-json\/wp\/v2\/pages\/24\/revisions"}],"predecessor-version":[{"id":5128,"href":"https:\/\/clubstgeorges.fr\/index.php\/wp-json\/wp\/v2\/pages\/24\/revisions\/5128"}],"wp:attachment":[{"href":"https:\/\/clubstgeorges.fr\/index.php\/wp-json\/wp\/v2\/media?parent=24"}],"curies":[{"name":"wp","href":"https:\/\/api.w.org\/{rel}","templated":true}]}}