{"id":122,"date":"2024-01-07T10:05:07","date_gmt":"2024-01-07T09:05:07","guid":{"rendered":"https:\/\/clubstgeorges.fr\/?page_id=122"},"modified":"2024-03-11T13:50:47","modified_gmt":"2024-03-11T12:50:47","slug":"le-club-st-georges-les-clubs-st-georges","status":"publish","type":"page","link":"https:\/\/clubstgeorges.fr\/index.php\/le-club-st-georges-les-clubs-st-georges\/","title":{"rendered":"L&rsquo;histoire du Club St Georges de Lyon \u00e0 Vienne"},"content":{"rendered":"\n<h1 class=\"wp-block-heading\">La gen\u00e8se<\/h1>\n\n\n\n<p>Le \u00ab\u00a0Jazz Club Lyon St Georges\u00a0\u00bb est n\u00e9 \u00e0 Lyon dans le quartier St Georges, au 4 de la Rue du m\u00eame nom,<br>pendant 8 ans, 450 concerts et \u00e9v\u00e8nements, &#8230;<br>Sur la sc\u00e8ne, tous les styles de jazz sont repr\u00e9sent\u00e9s. Jazz moderne, bop, jazz vocal, les incontournables Jams, jazz manouche, jazz fusion, blues &#8230;<br>Des artistes internationaux s&rsquo;y produisent, comme des artistes nationaux ou locaux qui se produisent parfois dans le cadre de collectifs de musiciens habitu\u00e9s au club.<\/p>\n\n\n\n<p>Rest\u00e9 ouvert pendant la p\u00e9riode COVID, il a connu les annulations de concerts de derni\u00e8re minute, les complexit\u00e9s administratives et les installations les plus myst\u00e9rieuses comme des vitres de plexiglas qui permettait aux chanteurs et soufflants de se produire sans masque &#8230; on a oubli\u00e9 tout \u00e7a, mais \u00e7a a bien exist\u00e9&#8230;<\/p>\n\n\n\n<p>La volont\u00e9 des fondateurs \u00e9tait de se rapprocher de leur domicile et de s&rsquo;installer dans un lieu permettant aux collectifs de musiciens de se reconstituer apr\u00e8s la p\u00e9riode 2020-2022, tout en \u00ab\u00a0r\u00e9duisant la voilure\u00a0\u00bb de la fr\u00e9quence de la programmation. L&rsquo;objectif \u00e9tant de passer de 3 concerts par semaine \u00e0 3 concerts par mois.<\/p>\n\n\n\n<p>Il fallait trouver un lieu, une petite sc\u00e8ne, un environnement o\u00f9 le voisinage ne serait pas d\u00e9rang\u00e9 par le son (faible niveau sonore mais qui engendrait parfois des tensions), un lieu proche des transports en commun ou d&rsquo;une gare, et dans une ville o\u00f9 les prix du foncier \u00e9tait plus compatibles avec l&rsquo;activit\u00e9 qui devient \u00ab\u00a0association loi 1901 d&rsquo;int\u00e9r\u00eat g\u00e9n\u00e9ral\u00a0\u00bb.<\/p>\n\n\n\n<p>Apr\u00e8s les Jazz Days et F\u00eates de la Musiques en 2022 et 2023 o\u00f9 les collectifs du Club St Georges se sont produits \u00e0 Vienne&#8230; Le lieu est trouv\u00e9 au sous-sol de la poste de Vienne, et le Club St Georges venait de renaitre.<br><br>Les valeurs du club sont conserv\u00e9es (La bonne humeur et l&rsquo;accueil, des concerts \u00ab\u00a0t\u00f4t\u00a0\u00bb type afterwork permettant aux spectateurs de diner en ville ou de prendre les transports retour en toute s\u00e9curit\u00e9)<\/p>\n\n\n\n<p><\/p>\n","protected":false},"excerpt":{"rendered":"<p>La gen\u00e8se Le \u00ab\u00a0Jazz Club Lyon St Georges\u00a0\u00bb est n\u00e9 \u00e0 Lyon dans le quartier St Georges, au 4 de la Rue du m\u00eame nom,pendant 8 ans, 450 concerts et&#8230;<\/p>\n","protected":false},"author":1,"featured_media":0,"parent":0,"menu_order":0,"comment_status":"closed","ping_status":"closed","template":"","meta":{"_kad_post_transparent":"","_kad_post_title":"","_kad_post_layout":"","_kad_post_sidebar_id":"","_kad_post_content_style":"","_kad_post_vertical_padding":"","_kad_post_feature":"","_kad_post_feature_position":"","_kad_post_header":false,"_kad_post_footer":false,"footnotes":""},"class_list":["post-122","page","type-page","status-publish","hentry"],"_links":{"self":[{"href":"https:\/\/clubstgeorges.fr\/index.php\/wp-json\/wp\/v2\/pages\/122","targetHints":{"allow":["GET"]}}],"collection":[{"href":"https:\/\/clubstgeorges.fr\/index.php\/wp-json\/wp\/v2\/pages"}],"about":[{"href":"https:\/\/clubstgeorges.fr\/index.php\/wp-json\/wp\/v2\/types\/page"}],"author":[{"embeddable":true,"href":"https:\/\/clubstgeorges.fr\/index.php\/wp-json\/wp\/v2\/users\/1"}],"replies":[{"embeddable":true,"href":"https:\/\/clubstgeorges.fr\/index.php\/wp-json\/wp\/v2\/comments?post=122"}],"version-history":[{"count":8,"href":"https:\/\/clubstgeorges.fr\/index.php\/wp-json\/wp\/v2\/pages\/122\/revisions"}],"predecessor-version":[{"id":4763,"href":"https:\/\/clubstgeorges.fr\/index.php\/wp-json\/wp\/v2\/pages\/122\/revisions\/4763"}],"wp:attachment":[{"href":"https:\/\/clubstgeorges.fr\/index.php\/wp-json\/wp\/v2\/media?parent=122"}],"curies":[{"name":"wp","href":"https:\/\/api.w.org\/{rel}","templated":true}]}}