{"id":108,"date":"2024-01-06T19:55:40","date_gmt":"2024-01-06T18:55:40","guid":{"rendered":"https:\/\/clubstgeorges.fr\/?page_id=108"},"modified":"2024-03-08T22:46:14","modified_gmt":"2024-03-08T21:46:14","slug":"la-salle-de-concert","status":"publish","type":"page","link":"https:\/\/clubstgeorges.fr\/index.php\/la-salle-de-concert\/","title":{"rendered":"La salle de concert"},"content":{"rendered":"\n<p>Une salle d\u00e9di\u00e9e \u00e0 l&rsquo;\u00e9coute !<\/p>\n\n\n\n<figure class=\"wp-block-image size-large\"><img loading=\"lazy\" decoding=\"async\" width=\"1024\" height=\"542\" src=\"https:\/\/clubstgeorges.fr\/wp-content\/uploads\/2024\/03\/Club-St-Georges-_-La-Scene-_-1200px-avec-logo-1024x542.jpg\" alt=\"\" class=\"wp-image-4337\" srcset=\"https:\/\/clubstgeorges.fr\/wp-content\/uploads\/2024\/03\/Club-St-Georges-_-La-Scene-_-1200px-avec-logo-1024x542.jpg 1024w, https:\/\/clubstgeorges.fr\/wp-content\/uploads\/2024\/03\/Club-St-Georges-_-La-Scene-_-1200px-avec-logo-300x159.jpg 300w, https:\/\/clubstgeorges.fr\/wp-content\/uploads\/2024\/03\/Club-St-Georges-_-La-Scene-_-1200px-avec-logo-768x406.jpg 768w, https:\/\/clubstgeorges.fr\/wp-content\/uploads\/2024\/03\/Club-St-Georges-_-La-Scene-_-1200px-avec-logo.jpg 1200w\" sizes=\"auto, (max-width: 1024px) 100vw, 1024px\" \/><\/figure>\n","protected":false},"excerpt":{"rendered":"<p>Une salle d\u00e9di\u00e9e \u00e0 l&rsquo;\u00e9coute !<\/p>\n","protected":false},"author":1,"featured_media":4337,"parent":0,"menu_order":0,"comment_status":"closed","ping_status":"closed","template":"","meta":{"_kad_post_transparent":"","_kad_post_title":"","_kad_post_layout":"","_kad_post_sidebar_id":"","_kad_post_content_style":"","_kad_post_vertical_padding":"","_kad_post_feature":"","_kad_post_feature_position":"","_kad_post_header":false,"_kad_post_footer":false,"footnotes":""},"class_list":["post-108","page","type-page","status-publish","has-post-thumbnail","hentry"],"_links":{"self":[{"href":"https:\/\/clubstgeorges.fr\/index.php\/wp-json\/wp\/v2\/pages\/108","targetHints":{"allow":["GET"]}}],"collection":[{"href":"https:\/\/clubstgeorges.fr\/index.php\/wp-json\/wp\/v2\/pages"}],"about":[{"href":"https:\/\/clubstgeorges.fr\/index.php\/wp-json\/wp\/v2\/types\/page"}],"author":[{"embeddable":true,"href":"https:\/\/clubstgeorges.fr\/index.php\/wp-json\/wp\/v2\/users\/1"}],"replies":[{"embeddable":true,"href":"https:\/\/clubstgeorges.fr\/index.php\/wp-json\/wp\/v2\/comments?post=108"}],"version-history":[{"count":2,"href":"https:\/\/clubstgeorges.fr\/index.php\/wp-json\/wp\/v2\/pages\/108\/revisions"}],"predecessor-version":[{"id":4363,"href":"https:\/\/clubstgeorges.fr\/index.php\/wp-json\/wp\/v2\/pages\/108\/revisions\/4363"}],"wp:featuredmedia":[{"embeddable":true,"href":"https:\/\/clubstgeorges.fr\/index.php\/wp-json\/wp\/v2\/media\/4337"}],"wp:attachment":[{"href":"https:\/\/clubstgeorges.fr\/index.php\/wp-json\/wp\/v2\/media?parent=108"}],"curies":[{"name":"wp","href":"https:\/\/api.w.org\/{rel}","templated":true}]}}