{"id":102,"date":"2024-01-06T19:45:15","date_gmt":"2024-01-06T18:45:15","guid":{"rendered":"https:\/\/clubstgeorges.fr\/?page_id=102"},"modified":"2024-05-06T16:38:51","modified_gmt":"2024-05-06T14:38:51","slug":"les-collectifs-de-musiciens","status":"publish","type":"page","link":"https:\/\/clubstgeorges.fr\/index.php\/les-collectifs-de-musiciens\/","title":{"rendered":"Les collectifs de musiciens"},"content":{"rendered":"\n<p>Le Club St Georges est un lieu d&rsquo;expression de l&rsquo;art vivant, mais votre club f\u00e9d\u00e8re des groupes de musiciens de jazz.<\/p>\n\n\n\n<p>D\u00e9couvrez les ici !<\/p>\n\n\n\n<p><strong>Philippe Marmonier<\/strong>\u00a0est \u00ab\u00a0entr\u00e9 en polyphonie Jazz\u00a0\u00bb en 2007 et a chant\u00e9 5 ans dans la chorale Jazz Lyonnaise \u00ab\u00a0Les Luettes Noires\u00a0\u00bb puis \u00e0 l\u2019ENM de Villeurbanne.<\/p>\n\n\n\n<p>\u00a0<strong>Philippe Balland<\/strong>, a fait des \u00e9tudes de piano jazz au CNR de Lyon avec\u00a0<strong>Mario Stantchev<\/strong>. <br>Des Jams et quelques concerts en club confortent sa d\u00e9cision de faire plus d\u2019interpr\u00e9tations tout en conservant son m\u00e9tier d\u2019enseignant !<\/p>\n\n\n\n<p>Apr\u00e8s une formation de guitare classique au Conservatoire de Dijon, puis la pratique du saxophone jazz,<strong>\u00a0Fran\u00e7ois Durier<\/strong>\u00a0a \u00e9tudi\u00e9 la contrebasse \u00e0 l\u2019ENM de Villeurbanne au d\u00e9but des ann\u00e9es 2000. Il participe depuis \u00e0 de nombreuses formations jazz, du duo au big band, et il fait partie du collectif des musiciens du Jazz Club Saint-Georges de Vienne !<\/p>\n\n\n\n<p>Du c\u00f4t\u00e9 de<strong>\u00a0Roger Boghossian<\/strong>, son histoire Musicale d\u00e9bute en 2008, par une formation sur 2 ans au CFPM de Villeurbanne. Et puis, il poursuit son aventure par la cr\u00e9ation du Jazz-Club Lyon St Georges \u00e0 Lyon en 2013 (date d\u2019arriv\u00e9e du Jazz Day en Rh\u00f4ne-Alpes).<\/p>\n\n\n\n<p>\u00c9tudes r\u00e9alis\u00e9es au conservatoire de Massy puis \u00e0 La Sorbonne, dipl\u00f4m\u00e9 d\u2019\u00c9tat en jazz, admissible au C.A. en jazz, en apprentissage instrumental aupr\u00e8s de John Scofield, Philippe Catherine, Tal Farlow\u2026\u00a0<strong>Franck Rochard<\/strong>\u00a0a fait de nombreuses rencontres ! Du duo au big-band, en clubs, concerts et festivals tels que La Villette, Aulnay-sous-Bois, le festival Biguine-Jazz de Paris, le Carrefour mondial des guitares (Fort-de-France), Ste-Lucia Jazz Festival ; il a aussi men\u00e9 diverses tourn\u00e9es nationales et internationales (Suisse, Allemagne, Portugal, Angleterre, \u2026).<br>Il propose un style qui oscille entre jazz \u00e9lectrique (Pierre-Jean Gaucher, Pierre-Louis Garcia) et musique acoustique via une passion pour la guitare manouche (Romain Brizemur).<\/p>\n","protected":false},"excerpt":{"rendered":"<p>Le Club St Georges est un lieu d&rsquo;expression de l&rsquo;art vivant, mais votre club f\u00e9d\u00e8re des groupes de musiciens de jazz. D\u00e9couvrez les ici ! Philippe Marmonier\u00a0est \u00ab\u00a0entr\u00e9 en polyphonie&#8230;<\/p>\n","protected":false},"author":1,"featured_media":0,"parent":0,"menu_order":0,"comment_status":"closed","ping_status":"closed","template":"","meta":{"_kad_post_transparent":"","_kad_post_title":"","_kad_post_layout":"","_kad_post_sidebar_id":"","_kad_post_content_style":"","_kad_post_vertical_padding":"","_kad_post_feature":"","_kad_post_feature_position":"","_kad_post_header":false,"_kad_post_footer":false,"footnotes":""},"class_list":["post-102","page","type-page","status-publish","hentry"],"_links":{"self":[{"href":"https:\/\/clubstgeorges.fr\/index.php\/wp-json\/wp\/v2\/pages\/102","targetHints":{"allow":["GET"]}}],"collection":[{"href":"https:\/\/clubstgeorges.fr\/index.php\/wp-json\/wp\/v2\/pages"}],"about":[{"href":"https:\/\/clubstgeorges.fr\/index.php\/wp-json\/wp\/v2\/types\/page"}],"author":[{"embeddable":true,"href":"https:\/\/clubstgeorges.fr\/index.php\/wp-json\/wp\/v2\/users\/1"}],"replies":[{"embeddable":true,"href":"https:\/\/clubstgeorges.fr\/index.php\/wp-json\/wp\/v2\/comments?post=102"}],"version-history":[{"count":3,"href":"https:\/\/clubstgeorges.fr\/index.php\/wp-json\/wp\/v2\/pages\/102\/revisions"}],"predecessor-version":[{"id":4849,"href":"https:\/\/clubstgeorges.fr\/index.php\/wp-json\/wp\/v2\/pages\/102\/revisions\/4849"}],"wp:attachment":[{"href":"https:\/\/clubstgeorges.fr\/index.php\/wp-json\/wp\/v2\/media?parent=102"}],"curies":[{"name":"wp","href":"https:\/\/api.w.org\/{rel}","templated":true}]}}